{"id":2431,"date":"2021-05-09T14:43:27","date_gmt":"2021-05-09T14:43:27","guid":{"rendered":"https:\/\/esvivencial.com\/?page_id=2431"},"modified":"2021-07-09T04:11:19","modified_gmt":"2021-07-09T04:11:19","slug":"anfitriones","status":"publish","type":"page","link":"https:\/\/esvivencial.com\/index.php\/anfitriones\/","title":{"rendered":"Anfitriones"},"content":{"rendered":"<p>[vc_row][vc_column][vc_column_text]<\/p>\n<div style=\"font-size: 140%; line-height: 1.6; margin-top: 15px;\">\n<p style=\"text-align: center;\">\u00bfEres Vivencial?<br \/>\nQueremos que sigas viviendo donde te gusta y haciendo aquello que amas<\/p>\n<\/div>\n<p>[\/vc_column_text][vc_empty_space][\/vc_column][\/vc_row][vc_row][vc_column el_class=\u00bbhosts-column\u00bb][vc_text_separator title=\u00bbTe acompa\u00f1amos\u00bb][vc_column_text]<\/p>\n<p style=\"text-align: center;\"><span class=\"JsGRdQ\">Preparamos y desarrollamos contigo tu proyecto de turismo vivencial, apoy\u00e1ndote en todas las etapas<\/span><\/p>\n<p>[\/vc_column_text][vc_empty_space][vc_text_separator title=\u00bbFlexibilidad\u00bb][vc_column_text]<\/p>\n<p style=\"text-align: center;\"><span class=\"JsGRdQ\">Puedes elegir la disponibilidad de tus servicios: t\u00fa estableces tu calendario<\/span><\/p>\n<p>[\/vc_column_text][vc_empty_space][vc_text_separator title=\u00bbIngresos\u00bb][vc_column_text]<\/p>\n<p style=\"text-align: center;\"><span class=\"JsGRdQ\">Recibe ingresos adicionales mientras desarrollas tus actividades cotidianas<\/span><\/p>\n<p>[\/vc_column_text][vc_empty_space][vc_text_separator title=\u00bbDamos a conocer\u00bb][vc_column_text]<\/p>\n<p style=\"text-align: center;\"><span class=\"JsGRdQ\">Promocionamos los proyectos y ponemos en contacto viajeros y anfitriones<\/span><\/p>\n<p>[\/vc_column_text][vc_empty_space][vc_text_separator title=\u00bbComunidad esVivencial\u00bb][vc_column_text]<\/p>\n<p style=\"text-align: center;\"><span class=\"JsGRdQ\">Formar\u00e1s parte de una comunidad de proyectos vivenciales, donde compartir buenas pr\u00e1cticas, experiencias de \u00e9xito y recursos<\/span><\/p>\n<p>[\/vc_column_text][vc_empty_space][\/vc_column][\/vc_row][vc_row content_text_aligment=\u00bbcenter\u00bb css=\u00bb.vc_custom_1620893157162{margin-top: 40px !important;margin-bottom: 40px !important;}\u00bb][vc_column]<a itemprop=\"url\" href=\"https:\/\/esvivencial.com\/index.php\/contacto\/\" target=\"_self\" style=\"background-color: #8f9f78\" class=\"mkdf-btn mkdf-btn-medium mkdf-btn-solid mkdf-btn-custom-hover-color\" data-hover-color=\"#8f9f78\" >\n    <span class=\"mkdf-btn-text\">Quieres saber m\u00e1s?<\/span>\n    <\/a>[\/vc_column][\/vc_row]<\/p>\n","protected":false},"excerpt":{"rendered":"<p>[vc_row][vc_column][vc_column_text] \u00bfEres Vivencial? Queremos que sigas viviendo donde te gusta y haciendo aquello que amas [\/vc_column_text][vc_empty_space][\/vc_column][\/vc_row][vc_row][vc_column el_class=\u00bbhosts-column\u00bb][vc_text_separator title=\u00bbTe acompa\u00f1amos\u00bb][vc_column_text] Preparamos y desarrollamos contigo tu proyecto de turismo vivencial, apoy\u00e1ndote en todas las etapas [\/vc_column_text][vc_empty_space][vc_text_separator title=\u00bbFlexibilidad\u00bb][vc_column_text] Puedes elegir la disponibilidad de tus servicios: t\u00fa estableces tu calendario [\/vc_column_text][vc_empty_space][vc_text_separator title=\u00bbIngresos\u00bb][vc_column_text] Recibe ingresos adicionales mientras desarrollas tus actividades cotidianas [\/vc_column_text][vc_empty_space][vc_text_separator title=\u00bbDamos a conocer\u00bb][vc_column_text] Promocionamos los proyectos y ponemos en contacto viajeros y anfitriones [\/vc_column_text][vc_empty_space][vc_text_separator title=\u00bbComunidad esVivencial\u00bb][vc_column_text] Formar\u00e1s parte de una comunidad de proyectos vivenciales, donde compartir buenas pr\u00e1cticas, experiencias de \u00e9xito [&hellip;]<\/p>\n","protected":false},"author":1,"featured_media":0,"parent":0,"menu_order":0,"comment_status":"closed","ping_status":"closed","template":"","meta":[],"_links":{"self":[{"href":"https:\/\/esvivencial.com\/index.php\/wp-json\/wp\/v2\/pages\/2431"}],"collection":[{"href":"https:\/\/esvivencial.com\/index.php\/wp-json\/wp\/v2\/pages"}],"about":[{"href":"https:\/\/esvivencial.com\/index.php\/wp-json\/wp\/v2\/types\/page"}],"author":[{"embeddable":true,"href":"https:\/\/esvivencial.com\/index.php\/wp-json\/wp\/v2\/users\/1"}],"replies":[{"embeddable":true,"href":"https:\/\/esvivencial.com\/index.php\/wp-json\/wp\/v2\/comments?post=2431"}],"version-history":[{"count":21,"href":"https:\/\/esvivencial.com\/index.php\/wp-json\/wp\/v2\/pages\/2431\/revisions"}],"predecessor-version":[{"id":2869,"href":"https:\/\/esvivencial.com\/index.php\/wp-json\/wp\/v2\/pages\/2431\/revisions\/2869"}],"wp:attachment":[{"href":"https:\/\/esvivencial.com\/index.php\/wp-json\/wp\/v2\/media?parent=2431"}],"curies":[{"name":"wp","href":"https:\/\/api.w.org\/{rel}","templated":true}]}}