{"id":2422,"date":"2021-05-09T14:41:21","date_gmt":"2021-05-09T14:41:21","guid":{"rendered":"https:\/\/esvivencial.com\/?page_id=2422"},"modified":"2021-06-06T08:04:36","modified_gmt":"2021-06-06T08:04:36","slug":"inicio","status":"publish","type":"page","link":"https:\/\/esvivencial.com\/","title":{"rendered":"Inicio"},"content":{"rendered":"<p>[vc_row][vc_column]\n\t\t\t<!-- START Homepagev3 REVOLUTION SLIDER 6.3.6 --><p class=\"rs-p-wp-fix\"><\/p>\n\t\t\t<rs-module-wrap id=\"rev_slider_6_1_wrapper\" data-source=\"gallery\" style=\"background:transparent;padding:0;margin:0px auto;margin-top:0;margin-bottom:0;\">\n\t\t\t\t<rs-module id=\"rev_slider_6_1\" style=\"\" data-version=\"6.3.6\">\n\t\t\t\t\t<rs-slides>\n\t\t\t\t\t\t<rs-slide data-key=\"rs-6\" data-title=\"Slide\" data-anim=\"ei:d;eo:d;s:1000;r:0;t:fade;sl:0;\">\n\t\t\t\t\t\t\t<img src=\"\/\/esvivencial.com\/wp-content\/uploads\/2021\/07\/turismo-vivencial-alfareria.jpg\" title=\"turismo-vivencial-alfareria\" width=\"1041\" height=\"694\" class=\"rev-slidebg\" data-no-retina>\n<!--\n\t\t\t\t\t\t\t--><rs-layer\n\t\t\t\t\t\t\t\tid=\"slider-6-slide-6-layer-0\" \n\t\t\t\t\t\t\t\tdata-type=\"text\"\n\t\t\t\t\t\t\t\tdata-color=\"#fff\"\n\t\t\t\t\t\t\t\tdata-tsh=\"c:rgba(0,0,0,0.75);h:5px;v:5px;b:10px;\"\n\t\t\t\t\t\t\t\tdata-rsp_ch=\"on\"\n\t\t\t\t\t\t\t\tdata-xy=\"x:c;y:c;\"\n\t\t\t\t\t\t\t\tdata-text=\"w:normal;s:95;l:88;ls:-1;a:center;\"\n\t\t\t\t\t\t\t\tdata-dim=\"w:1013px;minh:0px;\"\n\t\t\t\t\t\t\t\tdata-frame_999=\"o:0;st:w;\"\n\t\t\t\t\t\t\t\tstyle=\"z-index:8;font-family:Courgette;\"\n\t\t\t\t\t\t\t>Convivencias reales en el entorno rural \n\t\t\t\t\t\t\t<\/rs-layer><!--\n-->\t\t\t\t\t\t<\/rs-slide>\n\t\t\t\t\t<\/rs-slides>\n\t\t\t\t<\/rs-module>\n\t\t\t\t<script type=\"text\/javascript\">\n\t\t\t\t\tsetREVStartSize({c: 'rev_slider_6_1',rl:[1240,1024,778,480],el:[900],gw:[1240],gh:[900],type:'hero',justify:'',layout:'fullwidth',mh:\"0\"});\n\t\t\t\t\tvar\trevapi6,\n\t\t\t\t\t\ttpj;\n\t\t\t\t\tfunction revinit_revslider61() {\n\t\t\t\t\tjQuery(function() {\n\t\t\t\t\t\ttpj = jQuery;\n\t\t\t\t\t\trevapi6 = tpj(\"#rev_slider_6_1\");\n\t\t\t\t\t\tif(revapi6==undefined || revapi6.revolution == undefined){\n\t\t\t\t\t\t\trevslider_showDoubleJqueryError(\"rev_slider_6_1\");\n\t\t\t\t\t\t}else{\n\t\t\t\t\t\t\trevapi6.revolution({\n\t\t\t\t\t\t\t\tsliderType:\"hero\",\n\t\t\t\t\t\t\t\tsliderLayout:\"fullwidth\",\n\t\t\t\t\t\t\t\tvisibilityLevels:\"1240,1024,778,480\",\n\t\t\t\t\t\t\t\tgridwidth:1240,\n\t\t\t\t\t\t\t\tgridheight:900,\n\t\t\t\t\t\t\t\tmaxHeight:\"0px\",\n\t\t\t\t\t\t\t\tperspective:600,\n\t\t\t\t\t\t\t\tperspectiveType:\"global\",\n\t\t\t\t\t\t\t\teditorheight:\"900,768,960,720\",\n\t\t\t\t\t\t\t\tresponsiveLevels:\"1240,1024,778,480\",\n\t\t\t\t\t\t\t\tprogressBar:{disableProgressBar:true},\n\t\t\t\t\t\t\t\tnavigation: {\n\t\t\t\t\t\t\t\t\tonHoverStop:false\n\t\t\t\t\t\t\t\t},\n\t\t\t\t\t\t\t\tfallbacks: {\n\t\t\t\t\t\t\t\t\tallowHTML5AutoPlayOnAndroid:true\n\t\t\t\t\t\t\t\t},\n\t\t\t\t\t\t\t});\n\t\t\t\t\t\t}\n\t\t\t\t\t\t\n\t\t\t\t\t});\n\t\t\t\t\t} \/\/ End of RevInitScript\n\t\t\t\tvar once_revslider61 = false;\n\t\t\t\tif (document.readyState === \"loading\") {document.addEventListener('readystatechange',function() { if((document.readyState === \"interactive\" || document.readyState === \"complete\") && !once_revslider61 ) { once_revslider61 = true; revinit_revslider61();}});} else {once_revslider61 = true; revinit_revslider61();}\n\t\t\t\t<\/script>\n\t\t\t<\/rs-module-wrap>\n\t\t\t<!-- END REVOLUTION SLIDER -->\n[\/vc_column][\/vc_row][vc_row css=\u00bb.vc_custom_1620905408298{margin-top: 60px !important;}\u00bb][vc_column css=\u00bb.vc_custom_1620823325088{margin-bottom: 40px !important;}\u00bb][vc_custom_heading text=\u00bbesVivencial apoya el desarrollo de proyectos de Turismo Vivencial en el entorno rural para que viajeros como t\u00fa puedan disfrutar de experiencias aut\u00e9nticas y \u00fanicas en lugares con encanto, elegidos bajo estrictos criterios de calidad y autenticidad\u00bb font_container=\u00bbtag:h2|font_size:28|text_align:center|color:%23444640|line_height:1.6&#8243; google_fonts=\u00bbfont_family:Comfortaa%3A300%2Cregular%2C700|font_style:400%20regular%3A400%3Anormal\u00bb][\/vc_column][\/vc_row][vc_section css=\u00bb.vc_custom_1620822650156{margin-top: 40px !important;}\u00bb][vc_row][vc_column width=\u00bb1\/4&#8243;][vc_single_image image=\u00bb2450&#8243; img_size=\u00bb\u00bb alignment=\u00bbcenter\u00bb style=\u00bbvc_box_circle_2&#8243; css=\u00bb.vc_custom_1620822848546{margin-bottom: 40px !important;}\u00bb][\/vc_column][vc_column width=\u00bb3\/4&#8243;][vc_custom_heading text=\u00bbServicios\u00bb font_container=\u00bbtag:h2|text_align:left|color:%238f9f78&#8243; use_theme_fonts=\u00bbyes\u00bb][vc_column_text]<\/p>\n<div style=\"font-size: 140%; line-height: 1.6; margin-top: 15px;\">\n<p>Alojamiento con los anfitriones compartiendo el d\u00eda a d\u00eda.<\/p>\n<p>Actividades durante el d\u00eda, durante uno o varios d\u00edas.<\/p>\n<\/div>\n<p>[\/vc_column_text][\/vc_column][\/vc_row][\/vc_section][vc_section css=\u00bb.vc_custom_1620822662502{margin-top: 40px !important;}\u00bb][vc_row][vc_column width=\u00bb1\/4&#8243;][vc_single_image image=\u00bb2507&#8243; img_size=\u00bb\u00bb alignment=\u00bbcenter\u00bb style=\u00bbvc_box_circle_2&#8243; css=\u00bb.vc_custom_1620822861064{margin-bottom: 40px !important;}\u00bb][\/vc_column][vc_column width=\u00bb3\/4&#8243;][vc_custom_heading text=\u00bbActividades\u00bb font_container=\u00bbtag:h2|text_align:left|color:%238f9f78&#8243; use_theme_fonts=\u00bbyes\u00bb][vc_column_text]<\/p>\n<div style=\"font-size: 140%; line-height: 1.6; margin-top: 15px;\">Ganader\u00eda, agricultura, pesca.<\/div>\n<div style=\"font-size: 140%; line-height: 1.6; margin-top: 15px;\">Elaboraci\u00f3n artesanal de productos alimentarios (queser\u00edas, sidrer\u00edas).<\/div>\n<div style=\"font-size: 140%; line-height: 1.6; margin-top: 15px;\">Producci\u00f3n artesanal.<\/div>\n<div><\/div>\n<div><\/div>\n<div style=\"font-size: 140%; line-height: 1.6; margin-top: 15px;\"><strong>M\u00c1S:<\/strong><br \/>\nCocinar, charlar, re\u00edr\u2026 participando de las actividades diarias de los anfitriones<\/div>\n<p>[\/vc_column_text][\/vc_column][\/vc_row][\/vc_section][vc_section css=\u00bb.vc_custom_1620822662502{margin-top: 40px !important;}\u00bb][vc_row][vc_column width=\u00bb1\/4&#8243;][vc_single_image image=\u00bb2508&#8243; img_size=\u00bb\u00bb alignment=\u00bbcenter\u00bb style=\u00bbvc_box_circle_2&#8243; css=\u00bb.vc_custom_1620823098449{margin-bottom: 40px !important;}\u00bb][\/vc_column][vc_column width=\u00bb3\/4&#8243;][vc_custom_heading text=\u00bbD\u00f3nde\u00bb font_container=\u00bbtag:h2|text_align:left|color:%238f9f78&#8243; use_theme_fonts=\u00bbyes\u00bb][vc_column_text]<\/p>\n<div style=\"font-size: 140%; line-height: 1.6; margin-top: 15px;\">En el entorno rural de toda la geograf\u00eda espa\u00f1ola.<\/div>\n<p>[\/vc_column_text][\/vc_column][\/vc_row][\/vc_section][vc_row full_width=\u00bbstretch_row_content\u00bb gap=\u00bb10&#8243; equal_height=\u00bbyes\u00bb content_placement=\u00bbtop\u00bb css=\u00bb.vc_custom_1620825733042{margin-top: 40px !important;margin-bottom: 40px !important;}\u00bb][vc_column][vc_row_inner content_text_aligment=\u00bbcenter\u00bb][vc_column_inner][vc_column_text css=\u00bb.vc_custom_1620825737883{margin-bottom: 20px !important;}\u00bb]<\/p>\n<div style=\"font-size: 140%; line-height: 1.6; margin-top: 15px;\">Para que puedas disfrutar de una experiencia de calidad y exclusiva para ti, no formamos grupos de viajeros; estar\u00e1s \u00fanicamente con qui\u00e9n tu decidas ir.<\/div>\n<p>[\/vc_column_text]<a itemprop=\"url\" href=\"https:\/\/esvivencial.com\/index.php\/contacto\/\" target=\"_self\" style=\"background-color: #8f9f78\" class=\"mkdf-btn mkdf-btn-medium mkdf-btn-solid mkdf-btn-custom-hover-color\" data-hover-color=\"#8f9f78\" >\n    <span class=\"mkdf-btn-text\">Quieres saber m\u00e1s?<\/span>\n    <\/a>[\/vc_column_inner][\/vc_row_inner][\/vc_column][\/vc_row]<\/p>\n","protected":false},"excerpt":{"rendered":"<p>[vc_row][vc_column][\/vc_column][\/vc_row][vc_row css=\u00bb.vc_custom_1620905408298{margin-top: 60px !important;}\u00bb][vc_column css=\u00bb.vc_custom_1620823325088{margin-bottom: 40px !important;}\u00bb][vc_custom_heading text=\u00bbesVivencial apoya el desarrollo de proyectos de Turismo Vivencial en el entorno rural para que viajeros como t\u00fa puedan disfrutar de experiencias aut\u00e9nticas y \u00fanicas en lugares con encanto, elegidos bajo estrictos criterios de calidad y autenticidad\u00bb font_container=\u00bbtag:h2|font_size:28|text_align:center|color:%23444640|line_height:1.6&#8243; google_fonts=\u00bbfont_family:Comfortaa%3A300%2Cregular%2C700|font_style:400%20regular%3A400%3Anormal\u00bb][\/vc_column][\/vc_row][vc_section css=\u00bb.vc_custom_1620822650156{margin-top: 40px !important;}\u00bb][vc_row][vc_column width=\u00bb1\/4&#8243;][vc_single_image image=\u00bb2450&#8243; img_size=\u00bb\u00bb alignment=\u00bbcenter\u00bb style=\u00bbvc_box_circle_2&#8243; css=\u00bb.vc_custom_1620822848546{margin-bottom: 40px !important;}\u00bb][\/vc_column][vc_column width=\u00bb3\/4&#8243;][vc_custom_heading text=\u00bbServicios\u00bb font_container=\u00bbtag:h2|text_align:left|color:%238f9f78&#8243; use_theme_fonts=\u00bbyes\u00bb][vc_column_text] Alojamiento con los anfitriones compartiendo el d\u00eda a d\u00eda. Actividades durante el d\u00eda, durante uno o varios d\u00edas. [\/vc_column_text][\/vc_column][\/vc_row][\/vc_section][vc_section css=\u00bb.vc_custom_1620822662502{margin-top: 40px !important;}\u00bb][vc_row][vc_column width=\u00bb1\/4&#8243;][vc_single_image image=\u00bb2507&#8243; img_size=\u00bb\u00bb alignment=\u00bbcenter\u00bb style=\u00bbvc_box_circle_2&#8243; [&hellip;]<\/p>\n","protected":false},"author":1,"featured_media":0,"parent":0,"menu_order":0,"comment_status":"closed","ping_status":"closed","template":"","meta":[],"_links":{"self":[{"href":"https:\/\/esvivencial.com\/index.php\/wp-json\/wp\/v2\/pages\/2422"}],"collection":[{"href":"https:\/\/esvivencial.com\/index.php\/wp-json\/wp\/v2\/pages"}],"about":[{"href":"https:\/\/esvivencial.com\/index.php\/wp-json\/wp\/v2\/types\/page"}],"author":[{"embeddable":true,"href":"https:\/\/esvivencial.com\/index.php\/wp-json\/wp\/v2\/users\/1"}],"replies":[{"embeddable":true,"href":"https:\/\/esvivencial.com\/index.php\/wp-json\/wp\/v2\/comments?post=2422"}],"version-history":[{"count":102,"href":"https:\/\/esvivencial.com\/index.php\/wp-json\/wp\/v2\/pages\/2422\/revisions"}],"predecessor-version":[{"id":2770,"href":"https:\/\/esvivencial.com\/index.php\/wp-json\/wp\/v2\/pages\/2422\/revisions\/2770"}],"wp:attachment":[{"href":"https:\/\/esvivencial.com\/index.php\/wp-json\/wp\/v2\/media?parent=2422"}],"curies":[{"name":"wp","href":"https:\/\/api.w.org\/{rel}","templated":true}]}}